{"id":5122,"date":"2022-10-08T21:13:28","date_gmt":"2022-10-08T21:13:28","guid":{"rendered":"https:\/\/souleymane.smartsolutioncorp.com\/?page_id=5122"},"modified":"2022-10-08T21:16:27","modified_gmt":"2022-10-08T21:16:27","slug":"egitim","status":"publish","type":"page","link":"https:\/\/souleymane.smartsolutioncorp.com\/index.php\/tr\/egitim\/","title":{"rendered":"E\u011fitim"},"content":{"rendered":"\t\t<div data-elementor-type=\"wp-page\" data-elementor-id=\"5122\" class=\"elementor elementor-5122\">\n\t\t\t\t\t\t\t\t\t<section class=\"elementor-section elementor-top-section elementor-element elementor-element-de83125 elementor-section-height-min-height elementor-section-boxed elementor-section-height-default elementor-section-items-middle\" data-id=\"de83125\" data-element_type=\"section\">\n\t\t\t\t\t\t<div class=\"elementor-container elementor-column-gap-default\">\n\t\t\t\t\t<div class=\"elementor-column elementor-col-100 elementor-top-column elementor-element elementor-element-62f1303\" data-id=\"62f1303\" data-element_type=\"column\">\n\t\t\t<div class=\"elementor-widget-wrap elementor-element-populated\">\n\t\t\t\t\t\t\t\t<section class=\"elementor-section elementor-inner-section elementor-element elementor-element-edef654 elementor-section-full_width elementor-section-height-default elementor-section-height-default\" data-id=\"edef654\" data-element_type=\"section\">\n\t\t\t\t\t\t<div class=\"elementor-container elementor-column-gap-default\">\n\t\t\t\t\t<div class=\"elementor-column elementor-col-100 elementor-inner-column elementor-element elementor-element-ac7aba5\" data-id=\"ac7aba5\" data-element_type=\"column\">\n\t\t\t<div class=\"elementor-widget-wrap elementor-element-populated\">\n\t\t\t\t\t\t\t\t<div class=\"elementor-element elementor-element-b8bf633 elementor-aspect-ratio-169 elementor-widget elementor-widget-video\" data-id=\"b8bf633\" data-element_type=\"widget\" data-settings=\"{&quot;video_type&quot;:&quot;hosted&quot;,&quot;controls&quot;:&quot;yes&quot;,&quot;aspect_ratio&quot;:&quot;169&quot;}\" data-widget_type=\"video.default\">\n\t\t\t\t<div class=\"elementor-widget-container\">\n\t\t\t<style>\/*! elementor - v3.7.8 - 02-10-2022 *\/\n.elementor-widget-video .elementor-widget-container{overflow:hidden;-webkit-transform:translateZ(0);transform:translateZ(0)}.elementor-widget-video .elementor-open-inline .elementor-custom-embed-image-overlay{position:absolute;top:0;left:0;width:100%;height:100%;background-size:cover;background-position:50%}.elementor-widget-video .elementor-custom-embed-image-overlay{cursor:pointer;text-align:center}.elementor-widget-video .elementor-custom-embed-image-overlay:hover .elementor-custom-embed-play i{opacity:1}.elementor-widget-video .elementor-custom-embed-image-overlay img{display:block;width:100%}.elementor-widget-video .e-hosted-video .elementor-video{-o-object-fit:cover;object-fit:cover}.e-container>.elementor-widget-video{width:var(--container-widget-width,100%)}<\/style>\t\t<div class=\"e-hosted-video elementor-wrapper elementor-fit-aspect-ratio elementor-open-inline\">\n\t\t\t\t\t<video class=\"elementor-video\" src=\"https:\/\/souleymane.smartsolutioncorp.com\/wp-content\/uploads\/2022\/10\/WhatsApp-Video-2022-10-01-at-9.30.09-AM.mp4\" controls=\"\" controlsList=\"nodownload\"><\/video>\n\t\t\t\t<\/div>\n\t\t\t\t<\/div>\n\t\t\t\t<\/div>\n\t\t\t\t\t<\/div>\n\t\t<\/div>\n\t\t\t\t\t\t\t<\/div>\n\t\t<\/section>\n\t\t\t\t\t<\/div>\n\t\t<\/div>\n\t\t\t\t\t\t\t<\/div>\n\t\t<\/section>\n\t\t\t\t<section class=\"elementor-section elementor-top-section elementor-element elementor-element-c4b0e6f elementor-section-boxed elementor-section-height-default elementor-section-height-default\" data-id=\"c4b0e6f\" data-element_type=\"section\">\n\t\t\t\t\t\t<div class=\"elementor-container elementor-column-gap-default\">\n\t\t\t\t\t<div class=\"elementor-column elementor-col-100 elementor-top-column elementor-element elementor-element-b8ef804\" data-id=\"b8ef804\" data-element_type=\"column\">\n\t\t\t<div class=\"elementor-widget-wrap elementor-element-populated\">\n\t\t\t\t\t\t\t\t<div class=\"elementor-element elementor-element-75d2eb8 elementor-widget elementor-widget-spacer\" data-id=\"75d2eb8\" data-element_type=\"widget\" data-widget_type=\"spacer.default\">\n\t\t\t\t<div class=\"elementor-widget-container\">\n\t\t\t<style>\/*! elementor - v3.7.8 - 02-10-2022 *\/\n.elementor-column .elementor-spacer-inner{height:var(--spacer-size)}.e-container{--container-widget-width:100%}.e-container>.elementor-widget-spacer{width:var(--container-widget-width,var(--spacer-size));-ms-flex-item-align:stretch;align-self:stretch;-ms-flex-negative:0;flex-shrink:0}.e-container>.elementor-widget-spacer>.elementor-widget-container,.e-container>.elementor-widget-spacer>.elementor-widget-container>.elementor-spacer{height:100%}.e-container>.elementor-widget-spacer>.elementor-widget-container>.elementor-spacer>.elementor-spacer-inner{height:var(--container-widget-height,var(--spacer-size))}<\/style>\t\t<div class=\"elementor-spacer\">\n\t\t\t<div class=\"elementor-spacer-inner\"><\/div>\n\t\t<\/div>\n\t\t\t\t<\/div>\n\t\t\t\t<\/div>\n\t\t\t\t\t<\/div>\n\t\t<\/div>\n\t\t\t\t\t\t\t<\/div>\n\t\t<\/section>\n\t\t\t\t<section class=\"elementor-section elementor-top-section elementor-element elementor-element-576d782 elementor-section-boxed elementor-section-height-default elementor-section-height-default\" data-id=\"576d782\" data-element_type=\"section\">\n\t\t\t\t\t\t<div class=\"elementor-container elementor-column-gap-default\">\n\t\t\t\t\t<div class=\"elementor-column elementor-col-100 elementor-top-column elementor-element elementor-element-e58ad45\" data-id=\"e58ad45\" data-element_type=\"column\">\n\t\t\t<div class=\"elementor-widget-wrap elementor-element-populated\">\n\t\t\t\t\t\t\t\t<section class=\"elementor-section elementor-inner-section elementor-element elementor-element-a6e13c5 elementor-section-boxed elementor-section-height-default elementor-section-height-default\" data-id=\"a6e13c5\" data-element_type=\"section\">\n\t\t\t\t\t\t<div class=\"elementor-container elementor-column-gap-default\">\n\t\t\t\t\t<div class=\"elementor-column elementor-col-50 elementor-inner-column elementor-element elementor-element-2f997ab\" data-id=\"2f997ab\" data-element_type=\"column\">\n\t\t\t<div class=\"elementor-widget-wrap elementor-element-populated\">\n\t\t\t\t\t\t\t\t<div class=\"elementor-element elementor-element-2d8142b elementor-widget elementor-widget-image\" data-id=\"2d8142b\" data-element_type=\"widget\" data-widget_type=\"image.default\">\n\t\t\t\t<div class=\"elementor-widget-container\">\n\t\t\t<style>\/*! elementor - v3.7.8 - 02-10-2022 *\/\n.elementor-widget-image{text-align:center}.elementor-widget-image a{display:inline-block}.elementor-widget-image a img[src$=\".svg\"]{width:48px}.elementor-widget-image img{vertical-align:middle;display:inline-block}<\/style>\t\t\t\t\t\t\t\t\t\t\t\t<img width=\"768\" height=\"1024\" src=\"https:\/\/souleymane.smartsolutioncorp.com\/wp-content\/uploads\/2022\/10\/WhatsApp-Image-2022-10-01-at-9.29.42-AM-2.jpeg\" class=\"attachment-large size-large\" alt=\"\" loading=\"lazy\" srcset=\"https:\/\/souleymane.smartsolutioncorp.com\/wp-content\/uploads\/2022\/10\/WhatsApp-Image-2022-10-01-at-9.29.42-AM-2.jpeg 768w, https:\/\/souleymane.smartsolutioncorp.com\/wp-content\/uploads\/2022\/10\/WhatsApp-Image-2022-10-01-at-9.29.42-AM-2-225x300.jpeg 225w, https:\/\/souleymane.smartsolutioncorp.com\/wp-content\/uploads\/2022\/10\/WhatsApp-Image-2022-10-01-at-9.29.42-AM-2-600x800.jpeg 600w\" sizes=\"(max-width: 768px) 100vw, 768px\" \/>\t\t\t\t\t\t\t\t\t\t\t\t\t\t\t<\/div>\n\t\t\t\t<\/div>\n\t\t\t\t\t<\/div>\n\t\t<\/div>\n\t\t\t\t<div class=\"elementor-column elementor-col-50 elementor-inner-column elementor-element elementor-element-b53817c\" data-id=\"b53817c\" data-element_type=\"column\">\n\t\t\t<div class=\"elementor-widget-wrap elementor-element-populated\">\n\t\t\t\t\t\t\t\t<div class=\"elementor-element elementor-element-7bdccb3 elementor-widget elementor-widget-text-editor\" data-id=\"7bdccb3\" data-element_type=\"widget\" data-widget_type=\"text-editor.default\">\n\t\t\t\t<div class=\"elementor-widget-container\">\n\t\t\t<style>\/*! elementor - v3.7.8 - 02-10-2022 *\/\n.elementor-widget-text-editor.elementor-drop-cap-view-stacked .elementor-drop-cap{background-color:#818a91;color:#fff}.elementor-widget-text-editor.elementor-drop-cap-view-framed .elementor-drop-cap{color:#818a91;border:3px solid;background-color:transparent}.elementor-widget-text-editor:not(.elementor-drop-cap-view-default) .elementor-drop-cap{margin-top:8px}.elementor-widget-text-editor:not(.elementor-drop-cap-view-default) .elementor-drop-cap-letter{width:1em;height:1em}.elementor-widget-text-editor .elementor-drop-cap{float:left;text-align:center;line-height:1;font-size:50px}.elementor-widget-text-editor .elementor-drop-cap-letter{display:inline-block}<\/style>\t\t\t\t<p>S\u00fcrd\u00fcr\u00fclebilir kalk\u0131nman\u0131n ger\u00e7ek bir aya\u011f\u0131 olan ba\u015far\u0131l\u0131 e\u011fitim, bir \u00fclkenin ortaya \u00e7\u0131kma s\u00fcrecinde bir zorunluluktur. Bu g\u00f6zlemin uygunlu\u011funun g\u00fcc\u00fc ve b\u00f6yle bir zorlu\u011fun esas\u0131 \u00fczerine, Al-Saada Derne\u011fi, \u00f6\u011frencilere ve en \u00e7ok hak eden \u00f6\u011frencilere verilen tam burslar yoluyla m\u00fckemmellik ve e\u011fitimin te\u015fvik edilmesindeki rol\u00fcn\u00fc tam olarak oynamay\u0131 ama\u00e7lamaktad\u0131r. Al-Saada, \u00e7o\u011fu zaman olumsuz durumlarda, bu \u00f6\u011frencilerin, T\u00fcrkiye gibi birka\u00e7 y\u0131ld\u0131r yap\u0131 taraf\u0131ndan g\u00f6nderilen \u00e7ok say\u0131da \u00f6\u011frenciye ev sahipli\u011fi yapt\u0131\u011f\u0131 s\u00f6ylenmelidir. din bilimleri ve T\u00fcrk\u00e7e dil e\u011fitimi alan\u0131nda.<br \/>Ayr\u0131ca, bu deklan\u015f\u00f6rde, kendi \u00fclkelerinde kalan bir e\u011fitim hibesinden yararlanan ihtiya\u00e7 ve ihtiyac\u0131 test eden \u00f6\u011frencilere mali refakat sorunu da s\u00f6z konusudur.<\/p>\t\t\t\t\t\t<\/div>\n\t\t\t\t<\/div>\n\t\t\t\t\t<\/div>\n\t\t<\/div>\n\t\t\t\t\t\t\t<\/div>\n\t\t<\/section>\n\t\t\t\t\t<\/div>\n\t\t<\/div>\n\t\t\t\t\t\t\t<\/div>\n\t\t<\/section>\n\t\t\t\t<section class=\"elementor-section elementor-top-section elementor-element elementor-element-80643c1 elementor-section-boxed elementor-section-height-default elementor-section-height-default\" data-id=\"80643c1\" data-element_type=\"section\">\n\t\t\t\t\t\t<div class=\"elementor-container elementor-column-gap-default\">\n\t\t\t\t\t<div class=\"elementor-column elementor-col-100 elementor-top-column elementor-element elementor-element-e82e77e\" data-id=\"e82e77e\" data-element_type=\"column\">\n\t\t\t<div class=\"elementor-widget-wrap elementor-element-populated\">\n\t\t\t\t\t\t\t\t<div class=\"elementor-element elementor-element-b170335 elementor-widget elementor-widget-image-gallery\" data-id=\"b170335\" data-element_type=\"widget\" data-widget_type=\"image-gallery.default\">\n\t\t\t\t<div class=\"elementor-widget-container\">\n\t\t\t<style>\/*! elementor - v3.7.8 - 02-10-2022 *\/\n.elementor-image-gallery .gallery-item{display:inline-block;text-align:center;vertical-align:top;width:100%;max-width:100%;margin:0 auto}.elementor-image-gallery .gallery-item img{margin:0 auto}.elementor-image-gallery .gallery-item .gallery-caption{margin:0}.elementor-image-gallery figure img{display:block}.elementor-image-gallery figure figcaption{width:100%}.gallery-spacing-custom .elementor-image-gallery .gallery-icon{padding:0}@media (min-width:768px){.elementor-image-gallery .gallery-columns-2 .gallery-item{max-width:50%}.elementor-image-gallery .gallery-columns-3 .gallery-item{max-width:33.33%}.elementor-image-gallery .gallery-columns-4 .gallery-item{max-width:25%}.elementor-image-gallery .gallery-columns-5 .gallery-item{max-width:20%}.elementor-image-gallery .gallery-columns-6 .gallery-item{max-width:16.666%}.elementor-image-gallery .gallery-columns-7 .gallery-item{max-width:14.28%}.elementor-image-gallery .gallery-columns-8 .gallery-item{max-width:12.5%}.elementor-image-gallery .gallery-columns-9 .gallery-item{max-width:11.11%}.elementor-image-gallery .gallery-columns-10 .gallery-item{max-width:10%}}@media (min-width:480px) and (max-width:767px){.elementor-image-gallery .gallery.gallery-columns-2 .gallery-item,.elementor-image-gallery .gallery.gallery-columns-3 .gallery-item,.elementor-image-gallery .gallery.gallery-columns-4 .gallery-item,.elementor-image-gallery .gallery.gallery-columns-5 .gallery-item,.elementor-image-gallery .gallery.gallery-columns-6 .gallery-item,.elementor-image-gallery .gallery.gallery-columns-7 .gallery-item,.elementor-image-gallery .gallery.gallery-columns-8 .gallery-item,.elementor-image-gallery .gallery.gallery-columns-9 .gallery-item,.elementor-image-gallery .gallery.gallery-columns-10 .gallery-item{max-width:50%}}@media (max-width:479px){.elementor-image-gallery .gallery.gallery-columns-2 .gallery-item,.elementor-image-gallery .gallery.gallery-columns-3 .gallery-item,.elementor-image-gallery .gallery.gallery-columns-4 .gallery-item,.elementor-image-gallery .gallery.gallery-columns-5 .gallery-item,.elementor-image-gallery .gallery.gallery-columns-6 .gallery-item,.elementor-image-gallery .gallery.gallery-columns-7 .gallery-item,.elementor-image-gallery .gallery.gallery-columns-8 .gallery-item,.elementor-image-gallery .gallery.gallery-columns-9 .gallery-item,.elementor-image-gallery .gallery.gallery-columns-10 .gallery-item{max-width:100%}}<\/style>\t\t<div class=\"elementor-image-gallery\">\n\t\t\t\n\t\t<style type=\"text\/css\">\n\t\t\t#gallery-1 {\n\t\t\t\tmargin: auto;\n\t\t\t}\n\t\t\t#gallery-1 .gallery-item {\n\t\t\t\tfloat: left;\n\t\t\t\tmargin-top: 10px;\n\t\t\t\ttext-align: center;\n\t\t\t\twidth: 25%;\n\t\t\t}\n\t\t\t#gallery-1 img {\n\t\t\t\tborder: 2px solid #cfcfcf;\n\t\t\t}\n\t\t\t#gallery-1 .gallery-caption {\n\t\t\t\tmargin-left: 0;\n\t\t\t}\n\t\t\t\/* see gallery_shortcode() in wp-includes\/media.php *\/\n\t\t<\/style>\n\t\t<div id='gallery-1' class='gallery galleryid-5122 gallery-columns-4 gallery-size-medium'><dl class='gallery-item'>\n\t\t\t<dt class='gallery-icon landscape'>\n\t\t\t\t<a data-elementor-open-lightbox=\"yes\" data-elementor-lightbox-slideshow=\"b170335\" data-elementor-lightbox-title=\"WhatsApp Image 2022-10-02 at 11.49.45 AM-2\" e-action-hash=\"#elementor-action%3Aaction%3Dlightbox%26settings%3DeyJpZCI6NDgxOSwidXJsIjoiaHR0cHM6XC9cL3NvdWxleW1hbmUuc21hcnRzb2x1dGlvbmNvcnAuY29tXC93cC1jb250ZW50XC91cGxvYWRzXC8yMDIyXC8xMFwvV2hhdHNBcHAtSW1hZ2UtMjAyMi0xMC0wMi1hdC0xMS40OS40NS1BTS0yLmpwZWciLCJzbGlkZXNob3ciOiJiMTcwMzM1In0%3D\" href='https:\/\/souleymane.smartsolutioncorp.com\/wp-content\/uploads\/2022\/10\/WhatsApp-Image-2022-10-02-at-11.49.45-AM-2.jpeg'><img width=\"300\" height=\"132\" src=\"https:\/\/souleymane.smartsolutioncorp.com\/wp-content\/uploads\/2022\/10\/WhatsApp-Image-2022-10-02-at-11.49.45-AM-2-300x132.jpeg\" class=\"attachment-medium size-medium\" alt=\"\" loading=\"lazy\" srcset=\"https:\/\/souleymane.smartsolutioncorp.com\/wp-content\/uploads\/2022\/10\/WhatsApp-Image-2022-10-02-at-11.49.45-AM-2-300x132.jpeg 300w, https:\/\/souleymane.smartsolutioncorp.com\/wp-content\/uploads\/2022\/10\/WhatsApp-Image-2022-10-02-at-11.49.45-AM-2-768x337.jpeg 768w, https:\/\/souleymane.smartsolutioncorp.com\/wp-content\/uploads\/2022\/10\/WhatsApp-Image-2022-10-02-at-11.49.45-AM-2-600x263.jpeg 600w, https:\/\/souleymane.smartsolutioncorp.com\/wp-content\/uploads\/2022\/10\/WhatsApp-Image-2022-10-02-at-11.49.45-AM-2.jpeg 1000w\" sizes=\"(max-width: 300px) 100vw, 300px\" \/><\/a>\n\t\t\t<\/dt><\/dl><dl class='gallery-item'>\n\t\t\t<dt class='gallery-icon portrait'>\n\t\t\t\t<a data-elementor-open-lightbox=\"yes\" data-elementor-lightbox-slideshow=\"b170335\" data-elementor-lightbox-title=\"WhatsApp Image 2022-10-01 at 9.29.42 AM-2\" e-action-hash=\"#elementor-action%3Aaction%3Dlightbox%26settings%3DeyJpZCI6NDgxOCwidXJsIjoiaHR0cHM6XC9cL3NvdWxleW1hbmUuc21hcnRzb2x1dGlvbmNvcnAuY29tXC93cC1jb250ZW50XC91cGxvYWRzXC8yMDIyXC8xMFwvV2hhdHNBcHAtSW1hZ2UtMjAyMi0xMC0wMS1hdC05LjI5LjQyLUFNLTIuanBlZyIsInNsaWRlc2hvdyI6ImIxNzAzMzUifQ%3D%3D\" href='https:\/\/souleymane.smartsolutioncorp.com\/wp-content\/uploads\/2022\/10\/WhatsApp-Image-2022-10-01-at-9.29.42-AM-2.jpeg'><img width=\"225\" height=\"300\" src=\"https:\/\/souleymane.smartsolutioncorp.com\/wp-content\/uploads\/2022\/10\/WhatsApp-Image-2022-10-01-at-9.29.42-AM-2-225x300.jpeg\" class=\"attachment-medium size-medium\" alt=\"\" loading=\"lazy\" srcset=\"https:\/\/souleymane.smartsolutioncorp.com\/wp-content\/uploads\/2022\/10\/WhatsApp-Image-2022-10-01-at-9.29.42-AM-2-225x300.jpeg 225w, https:\/\/souleymane.smartsolutioncorp.com\/wp-content\/uploads\/2022\/10\/WhatsApp-Image-2022-10-01-at-9.29.42-AM-2-600x800.jpeg 600w, https:\/\/souleymane.smartsolutioncorp.com\/wp-content\/uploads\/2022\/10\/WhatsApp-Image-2022-10-01-at-9.29.42-AM-2.jpeg 768w\" sizes=\"(max-width: 225px) 100vw, 225px\" \/><\/a>\n\t\t\t<\/dt><\/dl><dl class='gallery-item'>\n\t\t\t<dt class='gallery-icon landscape'>\n\t\t\t\t<a data-elementor-open-lightbox=\"yes\" data-elementor-lightbox-slideshow=\"b170335\" data-elementor-lightbox-title=\"WhatsApp Image 2022-10-01 at 9.29.40 AM\" e-action-hash=\"#elementor-action%3Aaction%3Dlightbox%26settings%3DeyJpZCI6NDgxNywidXJsIjoiaHR0cHM6XC9cL3NvdWxleW1hbmUuc21hcnRzb2x1dGlvbmNvcnAuY29tXC93cC1jb250ZW50XC91cGxvYWRzXC8yMDIyXC8xMFwvV2hhdHNBcHAtSW1hZ2UtMjAyMi0xMC0wMS1hdC05LjI5LjQwLUFNLmpwZWciLCJzbGlkZXNob3ciOiJiMTcwMzM1In0%3D\" href='https:\/\/souleymane.smartsolutioncorp.com\/wp-content\/uploads\/2022\/10\/WhatsApp-Image-2022-10-01-at-9.29.40-AM.jpeg'><img width=\"300\" height=\"225\" src=\"https:\/\/souleymane.smartsolutioncorp.com\/wp-content\/uploads\/2022\/10\/WhatsApp-Image-2022-10-01-at-9.29.40-AM-300x225.jpeg\" class=\"attachment-medium size-medium\" alt=\"\" loading=\"lazy\" srcset=\"https:\/\/souleymane.smartsolutioncorp.com\/wp-content\/uploads\/2022\/10\/WhatsApp-Image-2022-10-01-at-9.29.40-AM-300x225.jpeg 300w, https:\/\/souleymane.smartsolutioncorp.com\/wp-content\/uploads\/2022\/10\/WhatsApp-Image-2022-10-01-at-9.29.40-AM-768x576.jpeg 768w, https:\/\/souleymane.smartsolutioncorp.com\/wp-content\/uploads\/2022\/10\/WhatsApp-Image-2022-10-01-at-9.29.40-AM-600x450.jpeg 600w, https:\/\/souleymane.smartsolutioncorp.com\/wp-content\/uploads\/2022\/10\/WhatsApp-Image-2022-10-01-at-9.29.40-AM.jpeg 1024w\" sizes=\"(max-width: 300px) 100vw, 300px\" \/><\/a>\n\t\t\t<\/dt><\/dl>\n\t\t\t<br style='clear: both' \/>\n\t\t<\/div>\n\t\t<\/div>\n\t\t\t\t<\/div>\n\t\t\t\t<\/div>\n\t\t\t\t\t<\/div>\n\t\t<\/div>\n\t\t\t\t\t\t\t<\/div>\n\t\t<\/section>\n\t\t\t\t\t\t\t<\/div>\n\t\t","protected":false},"excerpt":{"rendered":"<p>https:\/\/souleymane.smartsolutioncorp.com\/wp-content\/uploads\/2022\/10\/WhatsApp-Video-2022-10-01-at-9.30.09-AM.mp4 S\u00fcrd\u00fcr\u00fclebilir kalk\u0131nman\u0131n ger\u00e7ek bir aya\u011f\u0131 olan ba\u015far\u0131l\u0131 e\u011fitim, bir \u00fclkenin ortaya \u00e7\u0131kma s\u00fcrecinde bir zorunluluktur. Bu g\u00f6zlemin uygunlu\u011funun g\u00fcc\u00fc ve b\u00f6yle bir zorlu\u011fun esas\u0131 \u00fczerine, Al-Saada Derne\u011fi, \u00f6\u011frencilere ve en \u00e7ok hak eden \u00f6\u011frencilere verilen tam burslar yoluyla m\u00fckemmellik ve e\u011fitimin te\u015fvik edilmesindeki rol\u00fcn\u00fc tam olarak oynamay\u0131 ama\u00e7lamaktad\u0131r. Al-Saada, \u00e7o\u011fu zaman olumsuz durumlarda, bu [&hellip;]<\/p>\n","protected":false},"author":1,"featured_media":0,"parent":0,"menu_order":0,"comment_status":"closed","ping_status":"closed","template":"elementor_header_footer","meta":[],"_links":{"self":[{"href":"https:\/\/souleymane.smartsolutioncorp.com\/index.php\/wp-json\/wp\/v2\/pages\/5122"}],"collection":[{"href":"https:\/\/souleymane.smartsolutioncorp.com\/index.php\/wp-json\/wp\/v2\/pages"}],"about":[{"href":"https:\/\/souleymane.smartsolutioncorp.com\/index.php\/wp-json\/wp\/v2\/types\/page"}],"author":[{"embeddable":true,"href":"https:\/\/souleymane.smartsolutioncorp.com\/index.php\/wp-json\/wp\/v2\/users\/1"}],"replies":[{"embeddable":true,"href":"https:\/\/souleymane.smartsolutioncorp.com\/index.php\/wp-json\/wp\/v2\/comments?post=5122"}],"version-history":[{"count":4,"href":"https:\/\/souleymane.smartsolutioncorp.com\/index.php\/wp-json\/wp\/v2\/pages\/5122\/revisions"}],"predecessor-version":[{"id":5128,"href":"https:\/\/souleymane.smartsolutioncorp.com\/index.php\/wp-json\/wp\/v2\/pages\/5122\/revisions\/5128"}],"wp:attachment":[{"href":"https:\/\/souleymane.smartsolutioncorp.com\/index.php\/wp-json\/wp\/v2\/media?parent=5122"}],"curies":[{"name":"wp","href":"https:\/\/api.w.org\/{rel}","templated":true}]}}