{"id":4695,"date":"2022-10-01T14:57:40","date_gmt":"2022-10-01T14:57:40","guid":{"rendered":"https:\/\/souleymane.smartsolutioncorp.com\/?page_id=4695"},"modified":"2022-10-02T17:09:48","modified_gmt":"2022-10-02T17:09:48","slug":"education-2","status":"publish","type":"page","link":"https:\/\/souleymane.smartsolutioncorp.com\/index.php\/education-2\/","title":{"rendered":"Education"},"content":{"rendered":"\t\t<div data-elementor-type=\"wp-page\" data-elementor-id=\"4695\" class=\"elementor elementor-4695\">\n\t\t\t\t\t\t\t\t\t<section class=\"elementor-section elementor-top-section elementor-element elementor-element-de83125 elementor-section-height-min-height elementor-section-boxed elementor-section-height-default elementor-section-items-middle\" data-id=\"de83125\" data-element_type=\"section\">\n\t\t\t\t\t\t<div class=\"elementor-container elementor-column-gap-default\">\n\t\t\t\t\t<div class=\"elementor-column elementor-col-100 elementor-top-column elementor-element elementor-element-62f1303\" data-id=\"62f1303\" data-element_type=\"column\">\n\t\t\t<div class=\"elementor-widget-wrap elementor-element-populated\">\n\t\t\t\t\t\t\t\t<section class=\"elementor-section elementor-inner-section elementor-element elementor-element-edef654 elementor-section-full_width elementor-section-height-default elementor-section-height-default\" data-id=\"edef654\" data-element_type=\"section\">\n\t\t\t\t\t\t<div class=\"elementor-container elementor-column-gap-default\">\n\t\t\t\t\t<div class=\"elementor-column elementor-col-100 elementor-inner-column elementor-element elementor-element-ac7aba5\" data-id=\"ac7aba5\" data-element_type=\"column\">\n\t\t\t<div class=\"elementor-widget-wrap elementor-element-populated\">\n\t\t\t\t\t\t\t\t<div class=\"elementor-element elementor-element-b8bf633 elementor-aspect-ratio-169 elementor-widget elementor-widget-video\" data-id=\"b8bf633\" data-element_type=\"widget\" data-settings=\"{&quot;video_type&quot;:&quot;hosted&quot;,&quot;controls&quot;:&quot;yes&quot;,&quot;aspect_ratio&quot;:&quot;169&quot;}\" data-widget_type=\"video.default\">\n\t\t\t\t<div class=\"elementor-widget-container\">\n\t\t\t<style>\/*! elementor - v3.7.8 - 02-10-2022 *\/\n.elementor-widget-video .elementor-widget-container{overflow:hidden;-webkit-transform:translateZ(0);transform:translateZ(0)}.elementor-widget-video .elementor-open-inline .elementor-custom-embed-image-overlay{position:absolute;top:0;left:0;width:100%;height:100%;background-size:cover;background-position:50%}.elementor-widget-video .elementor-custom-embed-image-overlay{cursor:pointer;text-align:center}.elementor-widget-video .elementor-custom-embed-image-overlay:hover .elementor-custom-embed-play i{opacity:1}.elementor-widget-video .elementor-custom-embed-image-overlay img{display:block;width:100%}.elementor-widget-video .e-hosted-video .elementor-video{-o-object-fit:cover;object-fit:cover}.e-container>.elementor-widget-video{width:var(--container-widget-width,100%)}<\/style>\t\t<div class=\"e-hosted-video elementor-wrapper elementor-fit-aspect-ratio elementor-open-inline\">\n\t\t\t\t\t<video class=\"elementor-video\" src=\"https:\/\/souleymane.smartsolutioncorp.com\/wp-content\/uploads\/2022\/10\/WhatsApp-Video-2022-10-01-at-9.30.09-AM.mp4\" controls=\"\" controlsList=\"nodownload\"><\/video>\n\t\t\t\t<\/div>\n\t\t\t\t<\/div>\n\t\t\t\t<\/div>\n\t\t\t\t\t<\/div>\n\t\t<\/div>\n\t\t\t\t\t\t\t<\/div>\n\t\t<\/section>\n\t\t\t\t\t<\/div>\n\t\t<\/div>\n\t\t\t\t\t\t\t<\/div>\n\t\t<\/section>\n\t\t\t\t<section class=\"elementor-section elementor-top-section elementor-element elementor-element-c4b0e6f elementor-section-boxed elementor-section-height-default elementor-section-height-default\" data-id=\"c4b0e6f\" data-element_type=\"section\">\n\t\t\t\t\t\t<div class=\"elementor-container elementor-column-gap-default\">\n\t\t\t\t\t<div class=\"elementor-column elementor-col-100 elementor-top-column elementor-element elementor-element-b8ef804\" data-id=\"b8ef804\" data-element_type=\"column\">\n\t\t\t<div class=\"elementor-widget-wrap elementor-element-populated\">\n\t\t\t\t\t\t\t\t<div class=\"elementor-element elementor-element-75d2eb8 elementor-widget elementor-widget-spacer\" data-id=\"75d2eb8\" data-element_type=\"widget\" data-widget_type=\"spacer.default\">\n\t\t\t\t<div class=\"elementor-widget-container\">\n\t\t\t<style>\/*! elementor - v3.7.8 - 02-10-2022 *\/\n.elementor-column .elementor-spacer-inner{height:var(--spacer-size)}.e-container{--container-widget-width:100%}.e-container>.elementor-widget-spacer{width:var(--container-widget-width,var(--spacer-size));-ms-flex-item-align:stretch;align-self:stretch;-ms-flex-negative:0;flex-shrink:0}.e-container>.elementor-widget-spacer>.elementor-widget-container,.e-container>.elementor-widget-spacer>.elementor-widget-container>.elementor-spacer{height:100%}.e-container>.elementor-widget-spacer>.elementor-widget-container>.elementor-spacer>.elementor-spacer-inner{height:var(--container-widget-height,var(--spacer-size))}<\/style>\t\t<div class=\"elementor-spacer\">\n\t\t\t<div class=\"elementor-spacer-inner\"><\/div>\n\t\t<\/div>\n\t\t\t\t<\/div>\n\t\t\t\t<\/div>\n\t\t\t\t\t<\/div>\n\t\t<\/div>\n\t\t\t\t\t\t\t<\/div>\n\t\t<\/section>\n\t\t\t\t<section class=\"elementor-section elementor-top-section elementor-element elementor-element-576d782 elementor-section-boxed elementor-section-height-default elementor-section-height-default\" data-id=\"576d782\" data-element_type=\"section\">\n\t\t\t\t\t\t<div class=\"elementor-container elementor-column-gap-default\">\n\t\t\t\t\t<div class=\"elementor-column elementor-col-100 elementor-top-column elementor-element elementor-element-e58ad45\" data-id=\"e58ad45\" data-element_type=\"column\">\n\t\t\t<div class=\"elementor-widget-wrap elementor-element-populated\">\n\t\t\t\t\t\t\t\t<section class=\"elementor-section elementor-inner-section elementor-element elementor-element-a6e13c5 elementor-section-boxed elementor-section-height-default elementor-section-height-default\" data-id=\"a6e13c5\" data-element_type=\"section\">\n\t\t\t\t\t\t<div class=\"elementor-container elementor-column-gap-default\">\n\t\t\t\t\t<div class=\"elementor-column elementor-col-50 elementor-inner-column elementor-element elementor-element-2f997ab\" data-id=\"2f997ab\" data-element_type=\"column\">\n\t\t\t<div class=\"elementor-widget-wrap elementor-element-populated\">\n\t\t\t\t\t\t\t\t<div class=\"elementor-element elementor-element-2d8142b elementor-widget elementor-widget-image\" data-id=\"2d8142b\" data-element_type=\"widget\" data-widget_type=\"image.default\">\n\t\t\t\t<div class=\"elementor-widget-container\">\n\t\t\t<style>\/*! elementor - v3.7.8 - 02-10-2022 *\/\n.elementor-widget-image{text-align:center}.elementor-widget-image a{display:inline-block}.elementor-widget-image a img[src$=\".svg\"]{width:48px}.elementor-widget-image img{vertical-align:middle;display:inline-block}<\/style>\t\t\t\t\t\t\t\t\t\t\t\t<img width=\"768\" height=\"1024\" src=\"https:\/\/souleymane.smartsolutioncorp.com\/wp-content\/uploads\/2022\/10\/WhatsApp-Image-2022-10-01-at-9.29.42-AM-2.jpeg\" class=\"attachment-large size-large\" alt=\"\" loading=\"lazy\" srcset=\"https:\/\/souleymane.smartsolutioncorp.com\/wp-content\/uploads\/2022\/10\/WhatsApp-Image-2022-10-01-at-9.29.42-AM-2.jpeg 768w, https:\/\/souleymane.smartsolutioncorp.com\/wp-content\/uploads\/2022\/10\/WhatsApp-Image-2022-10-01-at-9.29.42-AM-2-225x300.jpeg 225w, https:\/\/souleymane.smartsolutioncorp.com\/wp-content\/uploads\/2022\/10\/WhatsApp-Image-2022-10-01-at-9.29.42-AM-2-600x800.jpeg 600w\" sizes=\"(max-width: 768px) 100vw, 768px\" \/>\t\t\t\t\t\t\t\t\t\t\t\t\t\t\t<\/div>\n\t\t\t\t<\/div>\n\t\t\t\t\t<\/div>\n\t\t<\/div>\n\t\t\t\t<div class=\"elementor-column elementor-col-50 elementor-inner-column elementor-element elementor-element-b53817c\" data-id=\"b53817c\" data-element_type=\"column\">\n\t\t\t<div class=\"elementor-widget-wrap elementor-element-populated\">\n\t\t\t\t\t\t\t\t<div class=\"elementor-element elementor-element-7bdccb3 elementor-widget elementor-widget-text-editor\" data-id=\"7bdccb3\" data-element_type=\"widget\" data-widget_type=\"text-editor.default\">\n\t\t\t\t<div class=\"elementor-widget-container\">\n\t\t\t<style>\/*! elementor - v3.7.8 - 02-10-2022 *\/\n.elementor-widget-text-editor.elementor-drop-cap-view-stacked .elementor-drop-cap{background-color:#818a91;color:#fff}.elementor-widget-text-editor.elementor-drop-cap-view-framed .elementor-drop-cap{color:#818a91;border:3px solid;background-color:transparent}.elementor-widget-text-editor:not(.elementor-drop-cap-view-default) .elementor-drop-cap{margin-top:8px}.elementor-widget-text-editor:not(.elementor-drop-cap-view-default) .elementor-drop-cap-letter{width:1em;height:1em}.elementor-widget-text-editor .elementor-drop-cap{float:left;text-align:center;line-height:1;font-size:50px}.elementor-widget-text-editor .elementor-drop-cap-letter{display:inline-block}<\/style>\t\t\t\t<p>V\u00e9ritable pilier de d\u00e9veloppement durable, l&rsquo;\u00e9ducation r\u00e9ussie est un imp\u00e9ratif dans le processus d&rsquo;\u00e9mergence d&rsquo;un pays. Fort de la pertinence de ce constat et du bien fond\u00e9 d&rsquo;un tel d\u00e9fi, l&rsquo;Association Al-Saada entend jouer pleinement sa partition dans<span class=\"Apple-converted-space\">\u00a0 <\/span>la promotion de l&rsquo;excellence et la formation \u00e0 travers des bourses d&rsquo;\u00e9tudes compl\u00e8tes octroy\u00e9es aux \u00e9l\u00e8ves et \u00e9tudiants les plus m\u00e9ritants. Tr\u00e8s souvent en situations d\u00e9favorables, Al- Saada s&rsquo;assure que ces \u00e9l\u00e8ves poursuivent leurs \u00e9tudes dans les meilleures conditions dans des pays comme la Turquie qui , faut-il le dire accueille depuis maintenant quelques ann\u00e9es un important nombre d&rsquo;\u00e9tudiants envoy\u00e9s par la structure et accompagn\u00e9s dans le domaine des sciences religieuses et la formation en langue turque.<span class=\"Apple-converted-space\">\u00a0<br \/><\/span>Aussi il est question dans ce volet, d&rsquo;accompagnement financier aux \u00e9tudiants \u00e9prouvant la n\u00e9cessit\u00e9 et le besoin qui b\u00e9n\u00e9ficient d&rsquo;une bourse d&rsquo;\u00e9tude \u00e9tant rest\u00e9s dans leurs pays respectifs.<\/p>\t\t\t\t\t\t<\/div>\n\t\t\t\t<\/div>\n\t\t\t\t\t<\/div>\n\t\t<\/div>\n\t\t\t\t\t\t\t<\/div>\n\t\t<\/section>\n\t\t\t\t\t<\/div>\n\t\t<\/div>\n\t\t\t\t\t\t\t<\/div>\n\t\t<\/section>\n\t\t\t\t<section class=\"elementor-section elementor-top-section elementor-element elementor-element-80643c1 elementor-section-boxed elementor-section-height-default elementor-section-height-default\" data-id=\"80643c1\" data-element_type=\"section\">\n\t\t\t\t\t\t<div class=\"elementor-container elementor-column-gap-default\">\n\t\t\t\t\t<div class=\"elementor-column elementor-col-100 elementor-top-column elementor-element elementor-element-e82e77e\" data-id=\"e82e77e\" data-element_type=\"column\">\n\t\t\t<div class=\"elementor-widget-wrap elementor-element-populated\">\n\t\t\t\t\t\t\t\t<div class=\"elementor-element elementor-element-b170335 elementor-widget elementor-widget-image-gallery\" data-id=\"b170335\" data-element_type=\"widget\" data-widget_type=\"image-gallery.default\">\n\t\t\t\t<div class=\"elementor-widget-container\">\n\t\t\t<style>\/*! elementor - v3.7.8 - 02-10-2022 *\/\n.elementor-image-gallery .gallery-item{display:inline-block;text-align:center;vertical-align:top;width:100%;max-width:100%;margin:0 auto}.elementor-image-gallery .gallery-item img{margin:0 auto}.elementor-image-gallery .gallery-item .gallery-caption{margin:0}.elementor-image-gallery figure img{display:block}.elementor-image-gallery figure figcaption{width:100%}.gallery-spacing-custom .elementor-image-gallery .gallery-icon{padding:0}@media (min-width:768px){.elementor-image-gallery .gallery-columns-2 .gallery-item{max-width:50%}.elementor-image-gallery .gallery-columns-3 .gallery-item{max-width:33.33%}.elementor-image-gallery .gallery-columns-4 .gallery-item{max-width:25%}.elementor-image-gallery .gallery-columns-5 .gallery-item{max-width:20%}.elementor-image-gallery .gallery-columns-6 .gallery-item{max-width:16.666%}.elementor-image-gallery .gallery-columns-7 .gallery-item{max-width:14.28%}.elementor-image-gallery .gallery-columns-8 .gallery-item{max-width:12.5%}.elementor-image-gallery .gallery-columns-9 .gallery-item{max-width:11.11%}.elementor-image-gallery .gallery-columns-10 .gallery-item{max-width:10%}}@media (min-width:480px) and (max-width:767px){.elementor-image-gallery .gallery.gallery-columns-2 .gallery-item,.elementor-image-gallery .gallery.gallery-columns-3 .gallery-item,.elementor-image-gallery .gallery.gallery-columns-4 .gallery-item,.elementor-image-gallery .gallery.gallery-columns-5 .gallery-item,.elementor-image-gallery .gallery.gallery-columns-6 .gallery-item,.elementor-image-gallery .gallery.gallery-columns-7 .gallery-item,.elementor-image-gallery .gallery.gallery-columns-8 .gallery-item,.elementor-image-gallery .gallery.gallery-columns-9 .gallery-item,.elementor-image-gallery .gallery.gallery-columns-10 .gallery-item{max-width:50%}}@media (max-width:479px){.elementor-image-gallery .gallery.gallery-columns-2 .gallery-item,.elementor-image-gallery .gallery.gallery-columns-3 .gallery-item,.elementor-image-gallery .gallery.gallery-columns-4 .gallery-item,.elementor-image-gallery .gallery.gallery-columns-5 .gallery-item,.elementor-image-gallery .gallery.gallery-columns-6 .gallery-item,.elementor-image-gallery .gallery.gallery-columns-7 .gallery-item,.elementor-image-gallery .gallery.gallery-columns-8 .gallery-item,.elementor-image-gallery .gallery.gallery-columns-9 .gallery-item,.elementor-image-gallery .gallery.gallery-columns-10 .gallery-item{max-width:100%}}<\/style>\t\t<div class=\"elementor-image-gallery\">\n\t\t\t\n\t\t<style type=\"text\/css\">\n\t\t\t#gallery-1 {\n\t\t\t\tmargin: auto;\n\t\t\t}\n\t\t\t#gallery-1 .gallery-item {\n\t\t\t\tfloat: left;\n\t\t\t\tmargin-top: 10px;\n\t\t\t\ttext-align: center;\n\t\t\t\twidth: 25%;\n\t\t\t}\n\t\t\t#gallery-1 img {\n\t\t\t\tborder: 2px solid #cfcfcf;\n\t\t\t}\n\t\t\t#gallery-1 .gallery-caption {\n\t\t\t\tmargin-left: 0;\n\t\t\t}\n\t\t\t\/* see gallery_shortcode() in wp-includes\/media.php *\/\n\t\t<\/style>\n\t\t<div id='gallery-1' class='gallery galleryid-4695 gallery-columns-4 gallery-size-medium'><dl class='gallery-item'>\n\t\t\t<dt class='gallery-icon landscape'>\n\t\t\t\t<a data-elementor-open-lightbox=\"yes\" data-elementor-lightbox-slideshow=\"b170335\" data-elementor-lightbox-title=\"WhatsApp Image 2022-10-02 at 11.49.45 AM-2\" e-action-hash=\"#elementor-action%3Aaction%3Dlightbox%26settings%3DeyJpZCI6NDgxOSwidXJsIjoiaHR0cHM6XC9cL3NvdWxleW1hbmUuc21hcnRzb2x1dGlvbmNvcnAuY29tXC93cC1jb250ZW50XC91cGxvYWRzXC8yMDIyXC8xMFwvV2hhdHNBcHAtSW1hZ2UtMjAyMi0xMC0wMi1hdC0xMS40OS40NS1BTS0yLmpwZWciLCJzbGlkZXNob3ciOiJiMTcwMzM1In0%3D\" href='https:\/\/souleymane.smartsolutioncorp.com\/wp-content\/uploads\/2022\/10\/WhatsApp-Image-2022-10-02-at-11.49.45-AM-2.jpeg'><img width=\"300\" height=\"132\" src=\"https:\/\/souleymane.smartsolutioncorp.com\/wp-content\/uploads\/2022\/10\/WhatsApp-Image-2022-10-02-at-11.49.45-AM-2-300x132.jpeg\" class=\"attachment-medium size-medium\" alt=\"\" loading=\"lazy\" srcset=\"https:\/\/souleymane.smartsolutioncorp.com\/wp-content\/uploads\/2022\/10\/WhatsApp-Image-2022-10-02-at-11.49.45-AM-2-300x132.jpeg 300w, https:\/\/souleymane.smartsolutioncorp.com\/wp-content\/uploads\/2022\/10\/WhatsApp-Image-2022-10-02-at-11.49.45-AM-2-768x337.jpeg 768w, https:\/\/souleymane.smartsolutioncorp.com\/wp-content\/uploads\/2022\/10\/WhatsApp-Image-2022-10-02-at-11.49.45-AM-2-600x263.jpeg 600w, https:\/\/souleymane.smartsolutioncorp.com\/wp-content\/uploads\/2022\/10\/WhatsApp-Image-2022-10-02-at-11.49.45-AM-2.jpeg 1000w\" sizes=\"(max-width: 300px) 100vw, 300px\" \/><\/a>\n\t\t\t<\/dt><\/dl><dl class='gallery-item'>\n\t\t\t<dt class='gallery-icon portrait'>\n\t\t\t\t<a data-elementor-open-lightbox=\"yes\" data-elementor-lightbox-slideshow=\"b170335\" data-elementor-lightbox-title=\"WhatsApp Image 2022-10-01 at 9.29.42 AM-2\" e-action-hash=\"#elementor-action%3Aaction%3Dlightbox%26settings%3DeyJpZCI6NDgxOCwidXJsIjoiaHR0cHM6XC9cL3NvdWxleW1hbmUuc21hcnRzb2x1dGlvbmNvcnAuY29tXC93cC1jb250ZW50XC91cGxvYWRzXC8yMDIyXC8xMFwvV2hhdHNBcHAtSW1hZ2UtMjAyMi0xMC0wMS1hdC05LjI5LjQyLUFNLTIuanBlZyIsInNsaWRlc2hvdyI6ImIxNzAzMzUifQ%3D%3D\" href='https:\/\/souleymane.smartsolutioncorp.com\/wp-content\/uploads\/2022\/10\/WhatsApp-Image-2022-10-01-at-9.29.42-AM-2.jpeg'><img width=\"225\" height=\"300\" src=\"https:\/\/souleymane.smartsolutioncorp.com\/wp-content\/uploads\/2022\/10\/WhatsApp-Image-2022-10-01-at-9.29.42-AM-2-225x300.jpeg\" class=\"attachment-medium size-medium\" alt=\"\" loading=\"lazy\" srcset=\"https:\/\/souleymane.smartsolutioncorp.com\/wp-content\/uploads\/2022\/10\/WhatsApp-Image-2022-10-01-at-9.29.42-AM-2-225x300.jpeg 225w, https:\/\/souleymane.smartsolutioncorp.com\/wp-content\/uploads\/2022\/10\/WhatsApp-Image-2022-10-01-at-9.29.42-AM-2-600x800.jpeg 600w, https:\/\/souleymane.smartsolutioncorp.com\/wp-content\/uploads\/2022\/10\/WhatsApp-Image-2022-10-01-at-9.29.42-AM-2.jpeg 768w\" sizes=\"(max-width: 225px) 100vw, 225px\" \/><\/a>\n\t\t\t<\/dt><\/dl><dl class='gallery-item'>\n\t\t\t<dt class='gallery-icon landscape'>\n\t\t\t\t<a data-elementor-open-lightbox=\"yes\" data-elementor-lightbox-slideshow=\"b170335\" data-elementor-lightbox-title=\"WhatsApp Image 2022-10-01 at 9.29.40 AM\" e-action-hash=\"#elementor-action%3Aaction%3Dlightbox%26settings%3DeyJpZCI6NDgxNywidXJsIjoiaHR0cHM6XC9cL3NvdWxleW1hbmUuc21hcnRzb2x1dGlvbmNvcnAuY29tXC93cC1jb250ZW50XC91cGxvYWRzXC8yMDIyXC8xMFwvV2hhdHNBcHAtSW1hZ2UtMjAyMi0xMC0wMS1hdC05LjI5LjQwLUFNLmpwZWciLCJzbGlkZXNob3ciOiJiMTcwMzM1In0%3D\" href='https:\/\/souleymane.smartsolutioncorp.com\/wp-content\/uploads\/2022\/10\/WhatsApp-Image-2022-10-01-at-9.29.40-AM.jpeg'><img width=\"300\" height=\"225\" src=\"https:\/\/souleymane.smartsolutioncorp.com\/wp-content\/uploads\/2022\/10\/WhatsApp-Image-2022-10-01-at-9.29.40-AM-300x225.jpeg\" class=\"attachment-medium size-medium\" alt=\"\" loading=\"lazy\" srcset=\"https:\/\/souleymane.smartsolutioncorp.com\/wp-content\/uploads\/2022\/10\/WhatsApp-Image-2022-10-01-at-9.29.40-AM-300x225.jpeg 300w, https:\/\/souleymane.smartsolutioncorp.com\/wp-content\/uploads\/2022\/10\/WhatsApp-Image-2022-10-01-at-9.29.40-AM-768x576.jpeg 768w, https:\/\/souleymane.smartsolutioncorp.com\/wp-content\/uploads\/2022\/10\/WhatsApp-Image-2022-10-01-at-9.29.40-AM-600x450.jpeg 600w, https:\/\/souleymane.smartsolutioncorp.com\/wp-content\/uploads\/2022\/10\/WhatsApp-Image-2022-10-01-at-9.29.40-AM.jpeg 1024w\" sizes=\"(max-width: 300px) 100vw, 300px\" \/><\/a>\n\t\t\t<\/dt><\/dl>\n\t\t\t<br style='clear: both' \/>\n\t\t<\/div>\n\t\t<\/div>\n\t\t\t\t<\/div>\n\t\t\t\t<\/div>\n\t\t\t\t\t<\/div>\n\t\t<\/div>\n\t\t\t\t\t\t\t<\/div>\n\t\t<\/section>\n\t\t\t\t\t\t\t<\/div>\n\t\t","protected":false},"excerpt":{"rendered":"<p>https:\/\/souleymane.smartsolutioncorp.com\/wp-content\/uploads\/2022\/10\/WhatsApp-Video-2022-10-01-at-9.30.09-AM.mp4 V\u00e9ritable pilier de d\u00e9veloppement durable, l&rsquo;\u00e9ducation r\u00e9ussie est un imp\u00e9ratif dans le processus d&rsquo;\u00e9mergence d&rsquo;un pays. Fort de la pertinence de ce constat et du bien fond\u00e9 d&rsquo;un tel d\u00e9fi, l&rsquo;Association Al-Saada entend jouer pleinement sa partition dans\u00a0 la promotion de l&rsquo;excellence et la formation \u00e0 travers des bourses d&rsquo;\u00e9tudes compl\u00e8tes octroy\u00e9es aux \u00e9l\u00e8ves [&hellip;]<\/p>\n","protected":false},"author":1,"featured_media":0,"parent":0,"menu_order":0,"comment_status":"closed","ping_status":"closed","template":"elementor_header_footer","meta":[],"_links":{"self":[{"href":"https:\/\/souleymane.smartsolutioncorp.com\/index.php\/wp-json\/wp\/v2\/pages\/4695"}],"collection":[{"href":"https:\/\/souleymane.smartsolutioncorp.com\/index.php\/wp-json\/wp\/v2\/pages"}],"about":[{"href":"https:\/\/souleymane.smartsolutioncorp.com\/index.php\/wp-json\/wp\/v2\/types\/page"}],"author":[{"embeddable":true,"href":"https:\/\/souleymane.smartsolutioncorp.com\/index.php\/wp-json\/wp\/v2\/users\/1"}],"replies":[{"embeddable":true,"href":"https:\/\/souleymane.smartsolutioncorp.com\/index.php\/wp-json\/wp\/v2\/comments?post=4695"}],"version-history":[{"count":40,"href":"https:\/\/souleymane.smartsolutioncorp.com\/index.php\/wp-json\/wp\/v2\/pages\/4695\/revisions"}],"predecessor-version":[{"id":4924,"href":"https:\/\/souleymane.smartsolutioncorp.com\/index.php\/wp-json\/wp\/v2\/pages\/4695\/revisions\/4924"}],"wp:attachment":[{"href":"https:\/\/souleymane.smartsolutioncorp.com\/index.php\/wp-json\/wp\/v2\/media?parent=4695"}],"curies":[{"name":"wp","href":"https:\/\/api.w.org\/{rel}","templated":true}]}}